{"id":2288,"date":"2020-03-17T11:33:47","date_gmt":"2020-03-17T10:33:47","guid":{"rendered":"https:\/\/enesacontinental.com\/?page_id=2288"},"modified":"2020-03-17T13:43:22","modified_gmt":"2020-03-17T12:43:22","slug":"politica-de-cookies","status":"publish","type":"page","link":"https:\/\/enesacontinental.com\/pt-pt\/politica-de-cookies","title":{"rendered":"Politica de cookies"},"content":{"rendered":"<h3>\u00bfQu\u00e9 es una \u2018cookie\u2019?<\/h3>\n<p>Una \u2018cookie\u2019 es un peque\u00f1o fragmento de texto que los sitios web env\u00edan al navegador y que se almacenan en el terminal del usuario, el cual puede ser un ordenador personal, un tel\u00e9fono m\u00f3vil, una tableta, etc. Estos archivos permiten que el sitio web recuerde informaci\u00f3n sobre su visita, como el idioma y las opciones preferidas, lo que puede facilitar su pr\u00f3xima visita y hacer que el sitio resulte m\u00e1s \u00fatil al personalizar su contenido. Las \u2018cookies\u2019 desempe\u00f1an un papel muy importante, al mejorar la experiencia del uso de la web.<\/p>\n<h3>\u00bfC\u00f3mo se utilizan las \u2018cookies\u2019?<\/h3>\n<p>Al navegar por este portal web el usuario est\u00e1 aceptando que se puedan instalar \u2018cookies\u2019 en su terminal y que nos permiten conocer la siguiente informaci\u00f3n:<\/p>\n<ul>\n<li>Informaci\u00f3n estad\u00edstica del uso de la web.<\/li>\n<li>El \u2018login\u2019 del usuario para mantener la sesi\u00f3n activa en la web.<\/li>\n<li>El formato de la web preferente en el acceso desde dispositivos m\u00f3viles.<\/li>\n<li>Las \u00faltimas b\u00fasquedas realizadas en los servicios de la web y datos de personalizaci\u00f3n de estos servicios.<\/li>\n<li>Informaci\u00f3n sobre los anuncios que se muestran al usuario.<\/li>\n<li>Informaci\u00f3n de las encuestas en las que ha participado el usuario.<\/li>\n<li>Datos de la conexi\u00f3n con las redes sociales para los usuarios que acceden con su usuario de Facebook o Twitter.<\/li>\n<\/ul>\n<h3>\u00bfQu\u00e9 tipos de \u2018cookies\u2019 utiliza esta p\u00e1gina web?<\/h3>\n<ul>\n<li>Cookies estrictamente necesarias para la prestaci\u00f3n de determinados servicios solicitados expresamente por el usuario. Si se desactivan estas cookies, no podr\u00e1 recibir correctamente nuestros contenidos y servicios.<\/li>\n<li>Cookies anal\u00edticas (para el seguimiento y an\u00e1lisis estad\u00edstico del comportamiento del conjunto de los usuarios), publicitarias (para la gesti\u00f3n de los espacios publicitarios en base a criterios como la frecuencia en la que se muestran los anuncios) y comportamentales (para la gesti\u00f3n de los espacios publicitarios seg\u00fan el perfil espec\u00edfico del usuario). Si se desactivan estas cookies, el sitio web podr\u00e1 seguir funcionando sin perjuicio de que la informaci\u00f3n captada por estas cookies sobre el uso de nuestra web y sobre el \u00e9xito de los anuncios mostrados en ella permite mejorar nuestros servicios y obtener ingresos que nos permiten ofrecerle de forma gratuita muchos contenidos.<\/li>\n<li>Dentro de las cookies anal\u00edticas, utilizamos Google Analytics que es un servicio de anal\u00edtica web desarrollada por Google, que permite la medici\u00f3n y an\u00e1lisis de la navegaci\u00f3n en las p\u00e1ginas web. Puede encontrar m\u00e1s informaci\u00f3n al respecto e inhabilitar el uso de estas cookies en la p\u00e1gina de\u00a0<a href=\"http:\/\/www.google.es\/intl\/es\/analytics\/privacyoverview.html\">Analytics<\/a><\/li>\n<li>Cookies de redes sociales externas, que se utilizan para que los visitantes puedan interactuar con el contenido de diferentes plataformas sociales (Facebook, Instagram, Twitter, Youtube, etc.) y que se generan \u00fanicamente para los usuarios de dichas redes sociales. Las condiciones de utilizaci\u00f3n de estas cookies y la informaci\u00f3n recopilada se regulan por la pol\u00edtica de privacidad de la plataforma social correspondiente.<\/li>\n<\/ul>\n<h3>\u00bfC\u00f3mo administrar \u2018cookies\u2019 en el navegador?<\/h3>\n<p>El usuario tiene la opci\u00f3n de permitir, bloquear o eliminar las \u2018cookies\u2019 instaladas en su equipo mediante la configuraci\u00f3n de las opciones del navegador instalado en su terminal:<\/p>\n<ul>\n<li>\n<ul>\n<li><a href=\"https:\/\/support.google.com\/chrome\/answer\/95647?hl=es\">Chrome<\/a><\/li>\n<li><a href=\"https:\/\/support.microsoft.com\/es-es\/help\/17442\/windows-internet-explorer-delete-manage-cookies\">Explorer<\/a><\/li>\n<li><a href=\"https:\/\/support.mozilla.org\/es\/kb\/habilitar-y-deshabilitar-cookies-sitios-web-rastrear-preferencias\">Firefox<\/a><\/li>\n<li><a href=\"https:\/\/support.apple.com\/kb\/ph21411?locale=es_ES\">Safari<\/a><\/li>\n<\/ul>\n<\/li>\n<\/ul>\n<p>&nbsp;<\/p>\n<h3>Aceptaci\u00f3n de \u2018cookies\u2019<\/h3>\n<p>Si usted contin\u00faa su navegaci\u00f3n una vez informado sobre la Pol\u00edtica de Cookies, entenderemos que acepta la utilizaci\u00f3n de las cookies por parte de la web y aplicaciones. Sin embargo, si usted quiere, puede cambiar la configuraci\u00f3n de cookies en cualquier momento, configurando su navegador para aceptar, o no, las cookies que recibe o para que el navegador le avise cuando un servidor quiera guardar una cookie.<\/p>\n<p>Le informamos que en el caso de bloquear o no aceptar la instalaci\u00f3n de cookies, es posible que ciertos servicios no est\u00e9n disponibles sin la utilizaci\u00f3n de \u00e9stas o que no pueda acceder a determinados servicios ni tampoco aprovechar por completo todo lo que nuestras webs y aplicaciones le ofrecen. Adem\u00e1s del uso de cookies propias, permitimos a terceros establecer cookies y acceder a ellas en su ordenador. El consentimiento del uso de las cookies de estas empresas est\u00e1 ligado a la navegaci\u00f3n por este sitio.<\/p>\n<p>Le agradecemos que consienta la aceptaci\u00f3n de cookies, esto nos ayuda a obtener datos m\u00e1s precisos que nos permiten mejorar el contenido.<\/p>\n<p>En caso de que este sitio web prestara alg\u00fan tipo de servicio especial en el que determine unas previsiones espec\u00edficas diferentes a \u00e9stas en lo relativo a la protecci\u00f3n de datos personales y la utilizaci\u00f3n de cookies, prevalecer\u00e1n las normas particulares indicadas para ese servicio en particular sobre las presentes.<\/p>\n<p>Al acceder a este sitio web o aplicaci\u00f3n por primera vez, ver\u00e1 una ventana donde se le informa de la utilizaci\u00f3n de las cookies y donde puede consultar esta \u201cPol\u00edtica de cookies\u201d. Si usted consiente la utilizaci\u00f3n de cookies, contin\u00faa navegando o hace clic en alg\u00fan link se entender\u00e1 que usted ha consentido nuestra pol\u00edtica de cookies y, por tanto, la instalaci\u00f3n de las mismas en su equipo o dispositivo.<\/p>\n","protected":false},"excerpt":{"rendered":"<p>\u00bfQu\u00e9 es una \u2018cookie\u2019? Una \u2018cookie\u2019 es un peque\u00f1o fragmento de texto que los sitios web env\u00edan al navegador y que se almacenan en el terminal del usuario, el cual&#8230;<\/p>\n","protected":false},"author":1,"featured_media":0,"parent":0,"menu_order":0,"comment_status":"closed","ping_status":"closed","template":"","meta":[],"yoast_head":"<!-- This site is optimized with the Yoast SEO plugin v19.6.1 - https:\/\/yoast.com\/wordpress\/plugins\/seo\/ -->\n<title>Politica de cookies | Empresa Ignifugaci\u00f3n. Pintura industrial. ENESA CONTINENTAL<\/title>\n<meta name=\"robots\" content=\"index, follow, max-snippet:-1, max-image-preview:large, max-video-preview:-1\" \/>\n<link rel=\"canonical\" href=\"https:\/\/enesacontinental.com\/pt-pt\/politica-de-cookies\" \/>\n<meta property=\"og:locale\" content=\"pt_PT\" \/>\n<meta property=\"og:type\" content=\"article\" \/>\n<meta property=\"og:title\" content=\"Politica de cookies | Empresa Ignifugaci\u00f3n. Pintura industrial. ENESA CONTINENTAL\" \/>\n<meta property=\"og:description\" content=\"\u00bfQu\u00e9 es una \u2018cookie\u2019? Una \u2018cookie\u2019 es un peque\u00f1o fragmento de texto que los sitios web env\u00edan al navegador y que se almacenan en el terminal del usuario, el cual...\" \/>\n<meta property=\"og:url\" content=\"https:\/\/enesacontinental.com\/pt-pt\/politica-de-cookies\" \/>\n<meta property=\"og:site_name\" content=\"Empresa Ignifugaci\u00f3n. Pintura industrial. ENESA CONTINENTAL\" \/>\n<meta property=\"article:modified_time\" content=\"2020-03-17T12:43:22+00:00\" \/>\n<meta name=\"twitter:card\" content=\"summary_large_image\" \/>\n<meta name=\"twitter:label1\" content=\"Tempo estimado de leitura\" \/>\n\t<meta name=\"twitter:data1\" content=\"4 minutos\" \/>\n<script type=\"application\/ld+json\" class=\"yoast-schema-graph\">{\"@context\":\"https:\/\/schema.org\",\"@graph\":[{\"@type\":\"WebPage\",\"@id\":\"https:\/\/enesacontinental.com\/pt-pt\/politica-de-cookies\",\"url\":\"https:\/\/enesacontinental.com\/pt-pt\/politica-de-cookies\",\"name\":\"Politica de cookies | Empresa Ignifugaci\u00f3n. Pintura industrial. ENESA CONTINENTAL\",\"isPartOf\":{\"@id\":\"https:\/\/enesacontinental.com\/#website\"},\"datePublished\":\"2020-03-17T10:33:47+00:00\",\"dateModified\":\"2020-03-17T12:43:22+00:00\",\"breadcrumb\":{\"@id\":\"https:\/\/enesacontinental.com\/pt-pt\/politica-de-cookies#breadcrumb\"},\"inLanguage\":\"pt-PT\",\"potentialAction\":[{\"@type\":\"ReadAction\",\"target\":[\"https:\/\/enesacontinental.com\/pt-pt\/politica-de-cookies\"]}]},{\"@type\":\"BreadcrumbList\",\"@id\":\"https:\/\/enesacontinental.com\/pt-pt\/politica-de-cookies#breadcrumb\",\"itemListElement\":[{\"@type\":\"ListItem\",\"position\":1,\"name\":\"Portada\",\"item\":\"https:\/\/enesacontinental.com\/pt-pt\"},{\"@type\":\"ListItem\",\"position\":2,\"name\":\"Politica de cookies\"}]},{\"@type\":\"WebSite\",\"@id\":\"https:\/\/enesacontinental.com\/#website\",\"url\":\"https:\/\/enesacontinental.com\/\",\"name\":\"Empresa Ignifugaci\u00f3n. Pintura industrial. ENESA CONTINENTAL\",\"description\":\"Protecci\u00f3n pasiva contra incendios. Tratamiento anticorrosivo. Chorro de arena. Taller propio para el tratamiento de superficies. Empresa l\u00edder. Lanatherm. Granallado en taller. Waterblasting. Aislamiento t\u00e9rmico.\",\"potentialAction\":[{\"@type\":\"SearchAction\",\"target\":{\"@type\":\"EntryPoint\",\"urlTemplate\":\"https:\/\/enesacontinental.com\/?s={search_term_string}\"},\"query-input\":\"required name=search_term_string\"}],\"inLanguage\":\"pt-PT\"}]}<\/script>\n<!-- \/ Yoast SEO plugin. -->","yoast_head_json":{"title":"Politica de cookies | Empresa Ignifugaci\u00f3n. Pintura industrial. ENESA CONTINENTAL","robots":{"index":"index","follow":"follow","max-snippet":"max-snippet:-1","max-image-preview":"max-image-preview:large","max-video-preview":"max-video-preview:-1"},"canonical":"https:\/\/enesacontinental.com\/pt-pt\/politica-de-cookies","og_locale":"pt_PT","og_type":"article","og_title":"Politica de cookies | Empresa Ignifugaci\u00f3n. Pintura industrial. ENESA CONTINENTAL","og_description":"\u00bfQu\u00e9 es una \u2018cookie\u2019? Una \u2018cookie\u2019 es un peque\u00f1o fragmento de texto que los sitios web env\u00edan al navegador y que se almacenan en el terminal del usuario, el cual...","og_url":"https:\/\/enesacontinental.com\/pt-pt\/politica-de-cookies","og_site_name":"Empresa Ignifugaci\u00f3n. Pintura industrial. ENESA CONTINENTAL","article_modified_time":"2020-03-17T12:43:22+00:00","twitter_card":"summary_large_image","twitter_misc":{"Tempo estimado de leitura":"4 minutos"},"schema":{"@context":"https:\/\/schema.org","@graph":[{"@type":"WebPage","@id":"https:\/\/enesacontinental.com\/pt-pt\/politica-de-cookies","url":"https:\/\/enesacontinental.com\/pt-pt\/politica-de-cookies","name":"Politica de cookies | Empresa Ignifugaci\u00f3n. Pintura industrial. ENESA CONTINENTAL","isPartOf":{"@id":"https:\/\/enesacontinental.com\/#website"},"datePublished":"2020-03-17T10:33:47+00:00","dateModified":"2020-03-17T12:43:22+00:00","breadcrumb":{"@id":"https:\/\/enesacontinental.com\/pt-pt\/politica-de-cookies#breadcrumb"},"inLanguage":"pt-PT","potentialAction":[{"@type":"ReadAction","target":["https:\/\/enesacontinental.com\/pt-pt\/politica-de-cookies"]}]},{"@type":"BreadcrumbList","@id":"https:\/\/enesacontinental.com\/pt-pt\/politica-de-cookies#breadcrumb","itemListElement":[{"@type":"ListItem","position":1,"name":"Portada","item":"https:\/\/enesacontinental.com\/pt-pt"},{"@type":"ListItem","position":2,"name":"Politica de cookies"}]},{"@type":"WebSite","@id":"https:\/\/enesacontinental.com\/#website","url":"https:\/\/enesacontinental.com\/","name":"Empresa Ignifugaci\u00f3n. Pintura industrial. ENESA CONTINENTAL","description":"Protecci\u00f3n pasiva contra incendios. Tratamiento anticorrosivo. Chorro de arena. Taller propio para el tratamiento de superficies. Empresa l\u00edder. Lanatherm. Granallado en taller. Waterblasting. Aislamiento t\u00e9rmico.","potentialAction":[{"@type":"SearchAction","target":{"@type":"EntryPoint","urlTemplate":"https:\/\/enesacontinental.com\/?s={search_term_string}"},"query-input":"required name=search_term_string"}],"inLanguage":"pt-PT"}]}},"_links":{"self":[{"href":"https:\/\/enesacontinental.com\/pt-pt\/wp-json\/wp\/v2\/pages\/2288"}],"collection":[{"href":"https:\/\/enesacontinental.com\/pt-pt\/wp-json\/wp\/v2\/pages"}],"about":[{"href":"https:\/\/enesacontinental.com\/pt-pt\/wp-json\/wp\/v2\/types\/page"}],"author":[{"embeddable":true,"href":"https:\/\/enesacontinental.com\/pt-pt\/wp-json\/wp\/v2\/users\/1"}],"replies":[{"embeddable":true,"href":"https:\/\/enesacontinental.com\/pt-pt\/wp-json\/wp\/v2\/comments?post=2288"}],"version-history":[{"count":4,"href":"https:\/\/enesacontinental.com\/pt-pt\/wp-json\/wp\/v2\/pages\/2288\/revisions"}],"predecessor-version":[{"id":2436,"href":"https:\/\/enesacontinental.com\/pt-pt\/wp-json\/wp\/v2\/pages\/2288\/revisions\/2436"}],"wp:attachment":[{"href":"https:\/\/enesacontinental.com\/pt-pt\/wp-json\/wp\/v2\/media?parent=2288"}],"curies":[{"name":"wp","href":"https:\/\/api.w.org\/{rel}","templated":true}]}}