{"id":2290,"date":"2020-03-17T11:34:35","date_gmt":"2020-03-17T10:34:35","guid":{"rendered":"https:\/\/enesacontinental.com\/?page_id=2290"},"modified":"2021-08-13T10:05:32","modified_gmt":"2021-08-13T08:05:32","slug":"emprego-contacto","status":"publish","type":"page","link":"https:\/\/enesacontinental.com\/pt-pt\/emprego-contacto","title":{"rendered":"Emprego (contacto)"},"content":{"rendered":"[vc_row type=&#8221;full_width_content&#8221; full_screen_row_position=&#8221;middle&#8221; column_margin=&#8221;default&#8221; column_direction=&#8221;default&#8221; column_direction_tablet=&#8221;default&#8221; column_direction_phone=&#8221;default&#8221; bg_image=&#8221;1556&#8243; bg_position=&#8221;center center&#8221; bg_repeat=&#8221;no-repeat&#8221; scene_position=&#8221;center&#8221; top_padding=&#8221;150&#8243; bottom_padding=&#8221;150&#8243; text_color=&#8221;dark&#8221; text_align=&#8221;left&#8221; row_border_radius=&#8221;none&#8221; row_border_radius_applies=&#8221;bg&#8221; overlay_strength=&#8221;0.3&#8243; gradient_direction=&#8221;left_to_right&#8221; shape_divider_position=&#8221;bottom&#8221; bg_image_animation=&#8221;none&#8221; parallax_bg=&#8221;true&#8221; parallax_bg_speed=&#8221;medium&#8221; shape_type=&#8221;&#8221;][vc_column column_padding=&#8221;padding-10-percent&#8221; column_padding_tablet=&#8221;inherit&#8221; column_padding_phone=&#8221;inherit&#8221; column_padding_position=&#8221;left-right&#8221; background_color_opacity=&#8221;1&#8243; background_hover_color_opacity=&#8221;1&#8243; column_shadow=&#8221;none&#8221; column_border_radius=&#8221;none&#8221; column_link_target=&#8221;_self&#8221; gradient_direction=&#8221;left_to_right&#8221; overlay_strength=&#8221;0.3&#8243; width=&#8221;1\/1&#8243; tablet_width_inherit=&#8221;default&#8221; tablet_text_alignment=&#8221;default&#8221; phone_text_alignment=&#8221;default&#8221; column_border_width=&#8221;none&#8221; column_border_style=&#8221;solid&#8221; bg_image_animation=&#8221;none&#8221;][\/vc_column][\/vc_row][vc_row type=&#8221;full_width_content&#8221; full_screen_row_position=&#8221;middle&#8221; column_margin=&#8221;default&#8221; equal_height=&#8221;yes&#8221; content_placement=&#8221;top&#8221; column_direction=&#8221;default&#8221; column_direction_tablet=&#8221;default&#8221; column_direction_phone=&#8221;default&#8221; scene_position=&#8221;center&#8221; text_color=&#8221;dark&#8221; text_align=&#8221;left&#8221; row_border_radius=&#8221;none&#8221; row_border_radius_applies=&#8221;bg&#8221; overlay_strength=&#8221;0.3&#8243; gradient_direction=&#8221;left_to_right&#8221; shape_divider_position=&#8221;bottom&#8221; bg_image_animation=&#8221;none&#8221; shape_type=&#8221;&#8221;][vc_column column_padding=&#8221;padding-10-percent&#8221; column_padding_tablet=&#8221;inherit&#8221; column_padding_phone=&#8221;inherit&#8221; column_padding_position=&#8221;left-right&#8221; background_color_opacity=&#8221;1&#8243; background_hover_color_opacity=&#8221;1&#8243; column_shadow=&#8221;none&#8221; column_border_radius=&#8221;none&#8221; column_link_target=&#8221;_self&#8221; gradient_direction=&#8221;left_to_right&#8221; overlay_strength=&#8221;0.3&#8243; width=&#8221;1\/2&#8243; tablet_width_inherit=&#8221;default&#8221; tablet_text_alignment=&#8221;default&#8221; phone_text_alignment=&#8221;default&#8221; column_border_width=&#8221;none&#8221; column_border_style=&#8221;solid&#8221; bg_image_animation=&#8221;none&#8221;][divider line_type=&#8221;No Line&#8221; custom_height=&#8221;60&#8243;][vc_column_text el_class=&#8221;destacado-light&#8221;]\n<h1>Emprego<\/h1>\n[\/vc_column_text][divider line_type=&#8221;No Line&#8221; custom_height=&#8221;10&#8243;][vc_column_text]Se queres fazer parte de um grupo consolidado e l\u00edder no seu setor, com uma equipa formada por mais de 80 pessoas, envia-nos a tua candidatura.[\/vc_column_text][divider line_type=&#8221;No Line&#8221; custom_height=&#8221;20&#8243;][\/vc_column][vc_column column_padding=&#8221;padding-10-percent&#8221; column_padding_tablet=&#8221;inherit&#8221; column_padding_phone=&#8221;inherit&#8221; column_padding_position=&#8221;right&#8221; background_color_opacity=&#8221;1&#8243; background_hover_color_opacity=&#8221;1&#8243; column_shadow=&#8221;none&#8221; column_border_radius=&#8221;none&#8221; column_link_target=&#8221;_self&#8221; gradient_direction=&#8221;left_to_right&#8221; overlay_strength=&#8221;0.3&#8243; width=&#8221;1\/2&#8243; tablet_width_inherit=&#8221;default&#8221; tablet_text_alignment=&#8221;default&#8221; phone_text_alignment=&#8221;default&#8221; column_border_width=&#8221;none&#8221; column_border_style=&#8221;solid&#8221; bg_image_animation=&#8221;none&#8221;][vc_row_inner column_margin=&#8221;default&#8221; column_direction=&#8221;default&#8221; column_direction_tablet=&#8221;default&#8221; column_direction_phone=&#8221;default&#8221; text_align=&#8221;left&#8221; el_id=&#8221;formulario&#8221;][vc_column_inner column_padding=&#8221;padding-5-percent&#8221; column_padding_tablet=&#8221;inherit&#8221; column_padding_phone=&#8221;inherit&#8221; column_padding_position=&#8221;all&#8221; background_color=&#8221;#ffffff&#8221; background_color_opacity=&#8221;1&#8243; background_hover_color_opacity=&#8221;1&#8243; column_shadow=&#8221;none&#8221; column_border_radius=&#8221;none&#8221; column_link_target=&#8221;_self&#8221; el_class=&#8221;form-contact&#8221; gradient_direction=&#8221;left_to_right&#8221; overlay_strength=&#8221;0.3&#8243; width=&#8221;1\/1&#8243; tablet_width_inherit=&#8221;default&#8221; column_border_width=&#8221;none&#8221; column_border_style=&#8221;solid&#8221; bg_image_animation=&#8221;none&#8221;]<div role=\"form\" class=\"wpcf7\" id=\"wpcf7-f2524-o1\" lang=\"es-ES\" dir=\"ltr\">\n<div class=\"screen-reader-response\"><p role=\"status\" aria-live=\"polite\" aria-atomic=\"true\"><\/p> <ul><\/ul><\/div>\n<form action=\"\/pt-pt\/wp-json\/wp\/v2\/pages\/2290#wpcf7-f2524-o1\" method=\"post\" class=\"wpcf7-form init\" enctype=\"multipart\/form-data\" novalidate=\"novalidate\" data-status=\"init\">\n<div style=\"display: none;\">\n<input type=\"hidden\" name=\"_wpcf7\" value=\"2524\" \/>\n<input type=\"hidden\" name=\"_wpcf7_version\" value=\"5.6.4\" \/>\n<input type=\"hidden\" name=\"_wpcf7_locale\" value=\"es_ES\" \/>\n<input type=\"hidden\" name=\"_wpcf7_unit_tag\" value=\"wpcf7-f2524-o1\" \/>\n<input type=\"hidden\" name=\"_wpcf7_container_post\" value=\"0\" \/>\n<input type=\"hidden\" name=\"_wpcf7_posted_data_hash\" value=\"\" \/>\n<input type=\"hidden\" name=\"_wpcf7cf_hidden_group_fields\" value=\"[]\" \/>\n<input type=\"hidden\" name=\"_wpcf7cf_hidden_groups\" value=\"[]\" \/>\n<input type=\"hidden\" name=\"_wpcf7cf_visible_groups\" value=\"[]\" \/>\n<input type=\"hidden\" name=\"_wpcf7cf_repeaters\" value=\"[]\" \/>\n<input type=\"hidden\" name=\"_wpcf7cf_steps\" value=\"{}\" \/>\n<input type=\"hidden\" name=\"_wpcf7cf_options\" value=\"{&quot;form_id&quot;:2524,&quot;conditions&quot;:[{&quot;then_field&quot;:&quot;group-666&quot;,&quot;and_rules&quot;:[{&quot;if_field&quot;:&quot;menu-38&quot;,&quot;operator&quot;:&quot;equals&quot;,&quot;if_value&quot;:&quot;Por meio das redes sociais&quot;}]},{&quot;then_field&quot;:&quot;group-674&quot;,&quot;and_rules&quot;:[{&quot;if_field&quot;:&quot;menu-38&quot;,&quot;operator&quot;:&quot;equals&quot;,&quot;if_value&quot;:&quot;Outras&quot;}]}],&quot;settings&quot;:{&quot;animation&quot;:&quot;yes&quot;,&quot;animation_intime&quot;:200,&quot;animation_outtime&quot;:200,&quot;conditions_ui&quot;:&quot;normal&quot;,&quot;notice_dismissed&quot;:false}}\" \/>\n<input type=\"hidden\" name=\"_wpcf7_recaptcha_response\" value=\"\" \/>\n<\/div>\n<p><label> Seus nomes e Apelido (requerido)<br \/>\n    <span class=\"wpcf7-form-control-wrap\" data-name=\"your-name\"><input type=\"text\" name=\"your-name\" value=\"\" size=\"40\" class=\"wpcf7-form-control wpcf7-text wpcf7-validates-as-required\" aria-required=\"true\" aria-invalid=\"false\" \/><\/span> <\/label><\/p>\n<p><label> Seu correio eletr\u00f3nico (requerido)<br \/>\n    <span class=\"wpcf7-form-control-wrap\" data-name=\"your-email\"><input type=\"email\" name=\"your-email\" value=\"\" size=\"40\" class=\"wpcf7-form-control wpcf7-text wpcf7-email wpcf7-validates-as-required wpcf7-validates-as-email\" aria-required=\"true\" aria-invalid=\"false\" \/><\/span> <\/label><\/p>\n<p><label> Experi\u00eancia profissional<br \/>\n    <span class=\"wpcf7-form-control-wrap\" data-name=\"your-experience\"><input type=\"text\" name=\"your-experience\" value=\"\" size=\"40\" class=\"wpcf7-form-control wpcf7-text wpcf7-validates-as-required\" aria-required=\"true\" aria-invalid=\"false\" \/><\/span> <\/label><\/p>\n<p><label> Carta de apresenta\u00e7\u00e3o<br \/>\n    <span class=\"wpcf7-form-control-wrap\" data-name=\"your-message\"><textarea name=\"your-message\" cols=\"40\" rows=\"10\" class=\"wpcf7-form-control wpcf7-textarea wpcf7-validates-as-required\" aria-required=\"true\" aria-invalid=\"false\"><\/textarea><\/span> <\/label><\/p>\n<p><label> CV (Curriculum Vitae) m\u00e1x. 2mb formato pdf ou doc<br \/>\n    <span class=\"wpcf7-form-control-wrap\" data-name=\"cv\"><input type=\"file\" name=\"cv\" size=\"40\" class=\"wpcf7-form-control wpcf7-file\" accept=\".pdf,.doc\" aria-invalid=\"false\" \/><\/span> <\/label><\/p>\n<p><label>Como voc\u00ea descobriu sobre n\u00f3s?<\/label><br \/>\n<span class=\"wpcf7-form-control-wrap\" data-name=\"menu-38\"><select name=\"menu-38\" class=\"wpcf7-form-control wpcf7-select wpcf7-validates-as-required\" aria-required=\"true\" aria-invalid=\"false\"><option value=\"Por um amigo \/ conhecido\">Por um amigo \/ conhecido<\/option><option value=\"Pesquisando na internet\">Pesquisando na internet<\/option><option value=\"Atrav\u00e9s da UNISERSA\">Atrav\u00e9s da UNISERSA<\/option><option value=\"Por nossos ve\u00edculos Enesa\">Por nossos ve\u00edculos Enesa<\/option><option value=\"Por meio das redes sociais\">Por meio das redes sociais<\/option><option value=\"Outras\">Outras<\/option><\/select><\/span><\/p>\n<div data-id=\"group-666\" data-orig_data_id=\"group-666\"  data-class=\"wpcf7cf_group\">\n<label>Qual rede social? <\/label><br \/>\n<span class=\"wpcf7-form-control-wrap\" data-name=\"menu-39\"><select name=\"menu-39\" class=\"wpcf7-form-control wpcf7-select wpcf7-validates-as-required\" aria-required=\"true\" aria-invalid=\"false\"><option value=\"Linkedin\">Linkedin<\/option><option value=\"Instagram\">Instagram<\/option><option value=\"Youtube\">Youtube<\/option><option value=\"Facebook\">Facebook<\/option><option value=\"Twitter\">Twitter<\/option><\/select><\/span><br \/>\n<br>\n<\/div>\n<div data-id=\"group-674\" data-orig_data_id=\"group-674\"  data-class=\"wpcf7cf_group\">\n<label>Outras* <\/label><br \/>\n<span class=\"wpcf7-form-control-wrap\" data-name=\"text-969\"><input type=\"text\" name=\"text-969\" value=\"\" size=\"40\" class=\"wpcf7-form-control wpcf7-text\" aria-invalid=\"false\" placeholder=\"Mensagem\" \/><\/span><br \/>\n<br>\n<\/div>\n<p><span class=\"wpcf7-form-control-wrap\" data-name=\"acceptance-68\"><span class=\"wpcf7-form-control wpcf7-acceptance\"><span class=\"wpcf7-list-item\"><label><input type=\"checkbox\" name=\"acceptance-68\" value=\"1\" aria-invalid=\"false\" \/><span class=\"wpcf7-list-item-label\">Concordo com que os meus dados possam ser tratados para o processo de sele\u00e7\u00e3o do posto a que me candidatei, assim como para outras poss\u00edveis ofertas de emprego.<\/p>\n<p><\/span><\/label><\/span><\/span><\/span><\/p>\n<p><span class=\"wpcf7-form-control-wrap\" data-name=\"acceptance-67\"><span class=\"wpcf7-form-control wpcf7-acceptance\"><span class=\"wpcf7-list-item\"><label><input type=\"checkbox\" name=\"acceptance-67\" value=\"1\" aria-invalid=\"false\" \/><span class=\"wpcf7-list-item-label\">Aceito os <a href=\"https:\/\/enesacontinental.com\/pt-pt\/termos-e-condicoes\" target=\"_blank\">termos, condi\u00e7\u00f5es<\/a> e <a href=\" https:\/\/enesacontinental.com\/pt-pt\/politica-de-privacidade\" target=\"_blank\">pol\u00edtica de privacidade<\/a> da p\u00e1gina<\/p>\n<p><\/span><\/label><\/span><\/span><\/span><\/p>\n\n<p><input type=\"submit\" value=\"Enviar\" class=\"wpcf7-form-control has-spinner wpcf7-submit\" \/><\/p>\n<div class=\"wpcf7-response-output\" aria-hidden=\"true\"><\/div><\/form><\/div>[\/vc_column_inner][\/vc_row_inner][\/vc_column][\/vc_row]\n","protected":false},"excerpt":{"rendered":"<p>[vc_row type=&#8221;full_width_content&#8221; full_screen_row_position=&#8221;middle&#8221; column_margin=&#8221;default&#8221; column_direction=&#8221;default&#8221; column_direction_tablet=&#8221;default&#8221; column_direction_phone=&#8221;default&#8221; bg_image=&#8221;1556&#8243; bg_position=&#8221;center center&#8221; bg_repeat=&#8221;no-repeat&#8221; scene_position=&#8221;center&#8221; top_padding=&#8221;150&#8243; bottom_padding=&#8221;150&#8243; text_color=&#8221;dark&#8221; text_align=&#8221;left&#8221; row_border_radius=&#8221;none&#8221; row_border_radius_applies=&#8221;bg&#8221; overlay_strength=&#8221;0.3&#8243; gradient_direction=&#8221;left_to_right&#8221; shape_divider_position=&#8221;bottom&#8221; bg_image_animation=&#8221;none&#8221; parallax_bg=&#8221;true&#8221; parallax_bg_speed=&#8221;medium&#8221; shape_type=&#8221;&#8221;][vc_column column_padding=&#8221;padding-10-percent&#8221; column_padding_tablet=&#8221;inherit&#8221; column_padding_phone=&#8221;inherit&#8221; column_padding_position=&#8221;left-right&#8221; background_color_opacity=&#8221;1&#8243;&#8230;<\/p>\n","protected":false},"author":1,"featured_media":0,"parent":0,"menu_order":0,"comment_status":"closed","ping_status":"closed","template":"","meta":[],"yoast_head":"<!-- This site is optimized with the Yoast SEO plugin v19.6.1 - https:\/\/yoast.com\/wordpress\/plugins\/seo\/ -->\n<title>Emprego (contacto) | Empresa Ignifugaci\u00f3n. Pintura industrial. ENESA CONTINENTAL<\/title>\n<meta name=\"robots\" content=\"index, follow, max-snippet:-1, max-image-preview:large, max-video-preview:-1\" \/>\n<link rel=\"canonical\" href=\"https:\/\/enesacontinental.com\/pt-pt\/emprego-contacto\" \/>\n<meta property=\"og:locale\" content=\"pt_PT\" \/>\n<meta property=\"og:type\" content=\"article\" \/>\n<meta property=\"og:title\" content=\"Emprego (contacto) | Empresa Ignifugaci\u00f3n. Pintura industrial. ENESA CONTINENTAL\" \/>\n<meta property=\"og:description\" content=\"[vc_row type=&#8221;full_width_content&#8221; full_screen_row_position=&#8221;middle&#8221; column_margin=&#8221;default&#8221; column_direction=&#8221;default&#8221; column_direction_tablet=&#8221;default&#8221; column_direction_phone=&#8221;default&#8221; bg_image=&#8221;1556&#8243; bg_position=&#8221;center center&#8221; bg_repeat=&#8221;no-repeat&#8221; scene_position=&#8221;center&#8221; top_padding=&#8221;150&#8243; bottom_padding=&#8221;150&#8243; text_color=&#8221;dark&#8221; text_align=&#8221;left&#8221; row_border_radius=&#8221;none&#8221; row_border_radius_applies=&#8221;bg&#8221; overlay_strength=&#8221;0.3&#8243; gradient_direction=&#8221;left_to_right&#8221; shape_divider_position=&#8221;bottom&#8221; bg_image_animation=&#8221;none&#8221; parallax_bg=&#8221;true&#8221; parallax_bg_speed=&#8221;medium&#8221; shape_type=&#8221;&#8221;][vc_column column_padding=&#8221;padding-10-percent&#8221; column_padding_tablet=&#8221;inherit&#8221; column_padding_phone=&#8221;inherit&#8221; column_padding_position=&#8221;left-right&#8221; background_color_opacity=&#8221;1&#8243;...\" \/>\n<meta property=\"og:url\" content=\"https:\/\/enesacontinental.com\/pt-pt\/emprego-contacto\" \/>\n<meta property=\"og:site_name\" content=\"Empresa Ignifugaci\u00f3n. Pintura industrial. ENESA CONTINENTAL\" \/>\n<meta property=\"article:modified_time\" content=\"2021-08-13T08:05:32+00:00\" \/>\n<meta name=\"twitter:card\" content=\"summary_large_image\" \/>\n<meta name=\"twitter:label1\" content=\"Tempo estimado de leitura\" \/>\n\t<meta name=\"twitter:data1\" content=\"1 minuto\" \/>\n<script type=\"application\/ld+json\" class=\"yoast-schema-graph\">{\"@context\":\"https:\/\/schema.org\",\"@graph\":[{\"@type\":\"WebPage\",\"@id\":\"https:\/\/enesacontinental.com\/pt-pt\/emprego-contacto\",\"url\":\"https:\/\/enesacontinental.com\/pt-pt\/emprego-contacto\",\"name\":\"Emprego (contacto) | Empresa Ignifugaci\u00f3n. Pintura industrial. ENESA CONTINENTAL\",\"isPartOf\":{\"@id\":\"https:\/\/enesacontinental.com\/#website\"},\"datePublished\":\"2020-03-17T10:34:35+00:00\",\"dateModified\":\"2021-08-13T08:05:32+00:00\",\"breadcrumb\":{\"@id\":\"https:\/\/enesacontinental.com\/pt-pt\/emprego-contacto#breadcrumb\"},\"inLanguage\":\"pt-PT\",\"potentialAction\":[{\"@type\":\"ReadAction\",\"target\":[\"https:\/\/enesacontinental.com\/pt-pt\/emprego-contacto\"]}]},{\"@type\":\"BreadcrumbList\",\"@id\":\"https:\/\/enesacontinental.com\/pt-pt\/emprego-contacto#breadcrumb\",\"itemListElement\":[{\"@type\":\"ListItem\",\"position\":1,\"name\":\"Portada\",\"item\":\"https:\/\/enesacontinental.com\/pt-pt\"},{\"@type\":\"ListItem\",\"position\":2,\"name\":\"Emprego (contacto)\"}]},{\"@type\":\"WebSite\",\"@id\":\"https:\/\/enesacontinental.com\/#website\",\"url\":\"https:\/\/enesacontinental.com\/\",\"name\":\"Empresa Ignifugaci\u00f3n. Pintura industrial. ENESA CONTINENTAL\",\"description\":\"Protecci\u00f3n pasiva contra incendios. Tratamiento anticorrosivo. Chorro de arena. Taller propio para el tratamiento de superficies. Empresa l\u00edder. Lanatherm. Granallado en taller. Waterblasting. Aislamiento t\u00e9rmico.\",\"potentialAction\":[{\"@type\":\"SearchAction\",\"target\":{\"@type\":\"EntryPoint\",\"urlTemplate\":\"https:\/\/enesacontinental.com\/?s={search_term_string}\"},\"query-input\":\"required name=search_term_string\"}],\"inLanguage\":\"pt-PT\"}]}<\/script>\n<!-- \/ Yoast SEO plugin. -->","yoast_head_json":{"title":"Emprego (contacto) | Empresa Ignifugaci\u00f3n. Pintura industrial. ENESA CONTINENTAL","robots":{"index":"index","follow":"follow","max-snippet":"max-snippet:-1","max-image-preview":"max-image-preview:large","max-video-preview":"max-video-preview:-1"},"canonical":"https:\/\/enesacontinental.com\/pt-pt\/emprego-contacto","og_locale":"pt_PT","og_type":"article","og_title":"Emprego (contacto) | Empresa Ignifugaci\u00f3n. Pintura industrial. ENESA CONTINENTAL","og_description":"[vc_row type=&#8221;full_width_content&#8221; full_screen_row_position=&#8221;middle&#8221; column_margin=&#8221;default&#8221; column_direction=&#8221;default&#8221; column_direction_tablet=&#8221;default&#8221; column_direction_phone=&#8221;default&#8221; bg_image=&#8221;1556&#8243; bg_position=&#8221;center center&#8221; bg_repeat=&#8221;no-repeat&#8221; scene_position=&#8221;center&#8221; top_padding=&#8221;150&#8243; bottom_padding=&#8221;150&#8243; text_color=&#8221;dark&#8221; text_align=&#8221;left&#8221; row_border_radius=&#8221;none&#8221; row_border_radius_applies=&#8221;bg&#8221; overlay_strength=&#8221;0.3&#8243; gradient_direction=&#8221;left_to_right&#8221; shape_divider_position=&#8221;bottom&#8221; bg_image_animation=&#8221;none&#8221; parallax_bg=&#8221;true&#8221; parallax_bg_speed=&#8221;medium&#8221; shape_type=&#8221;&#8221;][vc_column column_padding=&#8221;padding-10-percent&#8221; column_padding_tablet=&#8221;inherit&#8221; column_padding_phone=&#8221;inherit&#8221; column_padding_position=&#8221;left-right&#8221; background_color_opacity=&#8221;1&#8243;...","og_url":"https:\/\/enesacontinental.com\/pt-pt\/emprego-contacto","og_site_name":"Empresa Ignifugaci\u00f3n. Pintura industrial. ENESA CONTINENTAL","article_modified_time":"2021-08-13T08:05:32+00:00","twitter_card":"summary_large_image","twitter_misc":{"Tempo estimado de leitura":"1 minuto"},"schema":{"@context":"https:\/\/schema.org","@graph":[{"@type":"WebPage","@id":"https:\/\/enesacontinental.com\/pt-pt\/emprego-contacto","url":"https:\/\/enesacontinental.com\/pt-pt\/emprego-contacto","name":"Emprego (contacto) | Empresa Ignifugaci\u00f3n. Pintura industrial. ENESA CONTINENTAL","isPartOf":{"@id":"https:\/\/enesacontinental.com\/#website"},"datePublished":"2020-03-17T10:34:35+00:00","dateModified":"2021-08-13T08:05:32+00:00","breadcrumb":{"@id":"https:\/\/enesacontinental.com\/pt-pt\/emprego-contacto#breadcrumb"},"inLanguage":"pt-PT","potentialAction":[{"@type":"ReadAction","target":["https:\/\/enesacontinental.com\/pt-pt\/emprego-contacto"]}]},{"@type":"BreadcrumbList","@id":"https:\/\/enesacontinental.com\/pt-pt\/emprego-contacto#breadcrumb","itemListElement":[{"@type":"ListItem","position":1,"name":"Portada","item":"https:\/\/enesacontinental.com\/pt-pt"},{"@type":"ListItem","position":2,"name":"Emprego (contacto)"}]},{"@type":"WebSite","@id":"https:\/\/enesacontinental.com\/#website","url":"https:\/\/enesacontinental.com\/","name":"Empresa Ignifugaci\u00f3n. Pintura industrial. ENESA CONTINENTAL","description":"Protecci\u00f3n pasiva contra incendios. Tratamiento anticorrosivo. Chorro de arena. Taller propio para el tratamiento de superficies. Empresa l\u00edder. Lanatherm. Granallado en taller. Waterblasting. Aislamiento t\u00e9rmico.","potentialAction":[{"@type":"SearchAction","target":{"@type":"EntryPoint","urlTemplate":"https:\/\/enesacontinental.com\/?s={search_term_string}"},"query-input":"required name=search_term_string"}],"inLanguage":"pt-PT"}]}},"_links":{"self":[{"href":"https:\/\/enesacontinental.com\/pt-pt\/wp-json\/wp\/v2\/pages\/2290"}],"collection":[{"href":"https:\/\/enesacontinental.com\/pt-pt\/wp-json\/wp\/v2\/pages"}],"about":[{"href":"https:\/\/enesacontinental.com\/pt-pt\/wp-json\/wp\/v2\/types\/page"}],"author":[{"embeddable":true,"href":"https:\/\/enesacontinental.com\/pt-pt\/wp-json\/wp\/v2\/users\/1"}],"replies":[{"embeddable":true,"href":"https:\/\/enesacontinental.com\/pt-pt\/wp-json\/wp\/v2\/comments?post=2290"}],"version-history":[{"count":7,"href":"https:\/\/enesacontinental.com\/pt-pt\/wp-json\/wp\/v2\/pages\/2290\/revisions"}],"predecessor-version":[{"id":6129,"href":"https:\/\/enesacontinental.com\/pt-pt\/wp-json\/wp\/v2\/pages\/2290\/revisions\/6129"}],"wp:attachment":[{"href":"https:\/\/enesacontinental.com\/pt-pt\/wp-json\/wp\/v2\/media?parent=2290"}],"curies":[{"name":"wp","href":"https:\/\/api.w.org\/{rel}","templated":true}]}}