{"id":2313,"date":"2020-03-17T11:50:33","date_gmt":"2020-03-17T10:50:33","guid":{"rendered":"https:\/\/enesacontinental.com\/?page_id=2313"},"modified":"2020-03-24T10:32:08","modified_gmt":"2020-03-24T09:32:08","slug":"termos-e-condicoes","status":"publish","type":"page","link":"https:\/\/enesacontinental.com\/pt-pt\/termos-e-condicoes","title":{"rendered":"Termos e condi\u00e7\u00f5es"},"content":{"rendered":"[vc_row type=&#8221;in_container&#8221; full_screen_row_position=&#8221;middle&#8221; column_margin=&#8221;default&#8221; scene_position=&#8221;center&#8221; text_color=&#8221;dark&#8221; text_align=&#8221;left&#8221; overlay_strength=&#8221;0.3&#8243; shape_divider_position=&#8221;bottom&#8221; bg_image_animation=&#8221;none&#8221;][vc_column column_padding=&#8221;no-extra-padding&#8221; column_padding_position=&#8221;all&#8221; background_color_opacity=&#8221;1&#8243; background_hover_color_opacity=&#8221;1&#8243; column_link_target=&#8221;_self&#8221; column_shadow=&#8221;none&#8221; column_border_radius=&#8221;none&#8221; width=&#8221;1\/1&#8243; tablet_width_inherit=&#8221;default&#8221; tablet_text_alignment=&#8221;default&#8221; phone_text_alignment=&#8221;default&#8221; overlay_strength=&#8221;0.3&#8243; column_border_width=&#8221;none&#8221; column_border_style=&#8221;solid&#8221; bg_image_animation=&#8221;none&#8221;][vc_column_text]<b>Privacidad y Seguridad<\/b><\/p>\n<ul>\n<li>De acuerdo a la Ley Org\u00e1nica 15\/1999 de 13 de Diciembre, de Protecci\u00f3n de Datos de Car\u00e1cter Personal (LOPDP), le informamos que mediante la cumplimentaci\u00f3n de los formularios, sus datos personales quedar\u00e1n incorporados y ser\u00e1n tratados en los ficheros automatizados de Enesa Continental S.L.<\/li>\n<li>Enesa Continental S.L. tiene sus ficheros inscritos en la Agencia Espa\u00f1ola de Protecci\u00f3n de Datos, cumpliendo con la Ley vigente.<\/li>\n<li>La principal finalidad de dicho fichero es la de mantener la relaci\u00f3n contractual con nuestros clientes, facilitar la tramitaci\u00f3n de los pedidos y la realizaci\u00f3n de estudios estad\u00edsticos. S\u00f3lo le pediremos aquellos datos necesarios para la prestaci\u00f3n del servicio requerido y \u00fanicamente ser\u00e1n empleados para este fin.<\/li>\n<li>Enesa Continental S.L. asegura la confidencialidad de los datos aportados y garantiza que, en ning\u00fan caso, ser\u00e1n cedidos para ning\u00fan otro uso sin mediar consentimiento previo y expreso de nuestros clientes.<\/li>\n<\/ul>\n<p>En todo momento tiene el derecho a acceder, cancelar o rectificar sus datos personales contact\u00e1ndonos mediante nuestro\u00a0<a href=\"https:\/\/enesacontinental.com\/pt-pt\/contacto\">formulario de contacto<\/a>\u00a0en nuestro domicilio social.[\/vc_column_text][\/vc_column][\/vc_row]\n","protected":false},"excerpt":{"rendered":"<p>[vc_row type=&#8221;in_container&#8221; full_screen_row_position=&#8221;middle&#8221; column_margin=&#8221;default&#8221; scene_position=&#8221;center&#8221; text_color=&#8221;dark&#8221; text_align=&#8221;left&#8221; overlay_strength=&#8221;0.3&#8243; shape_divider_position=&#8221;bottom&#8221; bg_image_animation=&#8221;none&#8221;][vc_column column_padding=&#8221;no-extra-padding&#8221; column_padding_position=&#8221;all&#8221; background_color_opacity=&#8221;1&#8243; background_hover_color_opacity=&#8221;1&#8243; column_link_target=&#8221;_self&#8221; column_shadow=&#8221;none&#8221; column_border_radius=&#8221;none&#8221; width=&#8221;1\/1&#8243; tablet_width_inherit=&#8221;default&#8221; tablet_text_alignment=&#8221;default&#8221; phone_text_alignment=&#8221;default&#8221; overlay_strength=&#8221;0.3&#8243; column_border_width=&#8221;none&#8221; column_border_style=&#8221;solid&#8221; bg_image_animation=&#8221;none&#8221;][vc_column_text]Privacidad y Seguridad De acuerdo a&#8230;<\/p>\n","protected":false},"author":1,"featured_media":0,"parent":0,"menu_order":0,"comment_status":"closed","ping_status":"closed","template":"","meta":[],"yoast_head":"<!-- This site is optimized with the Yoast SEO plugin v19.6.1 - https:\/\/yoast.com\/wordpress\/plugins\/seo\/ -->\n<title>Termos e condi\u00e7\u00f5es | Empresa Ignifugaci\u00f3n. Pintura industrial. ENESA CONTINENTAL<\/title>\n<meta name=\"robots\" content=\"index, follow, max-snippet:-1, max-image-preview:large, max-video-preview:-1\" \/>\n<link rel=\"canonical\" href=\"https:\/\/enesacontinental.com\/pt-pt\/termos-e-condicoes\" \/>\n<meta property=\"og:locale\" content=\"pt_PT\" \/>\n<meta property=\"og:type\" content=\"article\" \/>\n<meta property=\"og:title\" content=\"Termos e condi\u00e7\u00f5es | Empresa Ignifugaci\u00f3n. Pintura industrial. ENESA CONTINENTAL\" \/>\n<meta property=\"og:description\" content=\"[vc_row type=&#8221;in_container&#8221; full_screen_row_position=&#8221;middle&#8221; column_margin=&#8221;default&#8221; scene_position=&#8221;center&#8221; text_color=&#8221;dark&#8221; text_align=&#8221;left&#8221; overlay_strength=&#8221;0.3&#8243; shape_divider_position=&#8221;bottom&#8221; bg_image_animation=&#8221;none&#8221;][vc_column column_padding=&#8221;no-extra-padding&#8221; column_padding_position=&#8221;all&#8221; background_color_opacity=&#8221;1&#8243; background_hover_color_opacity=&#8221;1&#8243; column_link_target=&#8221;_self&#8221; column_shadow=&#8221;none&#8221; column_border_radius=&#8221;none&#8221; width=&#8221;1\/1&#8243; tablet_width_inherit=&#8221;default&#8221; tablet_text_alignment=&#8221;default&#8221; phone_text_alignment=&#8221;default&#8221; overlay_strength=&#8221;0.3&#8243; column_border_width=&#8221;none&#8221; column_border_style=&#8221;solid&#8221; bg_image_animation=&#8221;none&#8221;][vc_column_text]Privacidad y Seguridad De acuerdo a...\" \/>\n<meta property=\"og:url\" content=\"https:\/\/enesacontinental.com\/pt-pt\/termos-e-condicoes\" \/>\n<meta property=\"og:site_name\" content=\"Empresa Ignifugaci\u00f3n. Pintura industrial. ENESA CONTINENTAL\" \/>\n<meta property=\"article:modified_time\" content=\"2020-03-24T09:32:08+00:00\" \/>\n<meta name=\"twitter:card\" content=\"summary_large_image\" \/>\n<meta name=\"twitter:label1\" content=\"Tempo estimado de leitura\" \/>\n\t<meta name=\"twitter:data1\" content=\"1 minuto\" \/>\n<script type=\"application\/ld+json\" class=\"yoast-schema-graph\">{\"@context\":\"https:\/\/schema.org\",\"@graph\":[{\"@type\":\"WebPage\",\"@id\":\"https:\/\/enesacontinental.com\/pt-pt\/termos-e-condicoes\",\"url\":\"https:\/\/enesacontinental.com\/pt-pt\/termos-e-condicoes\",\"name\":\"Termos e condi\u00e7\u00f5es | Empresa Ignifugaci\u00f3n. Pintura industrial. ENESA CONTINENTAL\",\"isPartOf\":{\"@id\":\"https:\/\/enesacontinental.com\/#website\"},\"datePublished\":\"2020-03-17T10:50:33+00:00\",\"dateModified\":\"2020-03-24T09:32:08+00:00\",\"breadcrumb\":{\"@id\":\"https:\/\/enesacontinental.com\/pt-pt\/termos-e-condicoes#breadcrumb\"},\"inLanguage\":\"pt-PT\",\"potentialAction\":[{\"@type\":\"ReadAction\",\"target\":[\"https:\/\/enesacontinental.com\/pt-pt\/termos-e-condicoes\"]}]},{\"@type\":\"BreadcrumbList\",\"@id\":\"https:\/\/enesacontinental.com\/pt-pt\/termos-e-condicoes#breadcrumb\",\"itemListElement\":[{\"@type\":\"ListItem\",\"position\":1,\"name\":\"Portada\",\"item\":\"https:\/\/enesacontinental.com\/pt-pt\"},{\"@type\":\"ListItem\",\"position\":2,\"name\":\"Termos e condi\u00e7\u00f5es\"}]},{\"@type\":\"WebSite\",\"@id\":\"https:\/\/enesacontinental.com\/#website\",\"url\":\"https:\/\/enesacontinental.com\/\",\"name\":\"Empresa Ignifugaci\u00f3n. Pintura industrial. ENESA CONTINENTAL\",\"description\":\"Protecci\u00f3n pasiva contra incendios. Tratamiento anticorrosivo. Chorro de arena. Taller propio para el tratamiento de superficies. Empresa l\u00edder. Lanatherm. Granallado en taller. Waterblasting. Aislamiento t\u00e9rmico.\",\"potentialAction\":[{\"@type\":\"SearchAction\",\"target\":{\"@type\":\"EntryPoint\",\"urlTemplate\":\"https:\/\/enesacontinental.com\/?s={search_term_string}\"},\"query-input\":\"required name=search_term_string\"}],\"inLanguage\":\"pt-PT\"}]}<\/script>\n<!-- \/ Yoast SEO plugin. -->","yoast_head_json":{"title":"Termos e condi\u00e7\u00f5es | Empresa Ignifugaci\u00f3n. Pintura industrial. ENESA CONTINENTAL","robots":{"index":"index","follow":"follow","max-snippet":"max-snippet:-1","max-image-preview":"max-image-preview:large","max-video-preview":"max-video-preview:-1"},"canonical":"https:\/\/enesacontinental.com\/pt-pt\/termos-e-condicoes","og_locale":"pt_PT","og_type":"article","og_title":"Termos e condi\u00e7\u00f5es | Empresa Ignifugaci\u00f3n. Pintura industrial. ENESA CONTINENTAL","og_description":"[vc_row type=&#8221;in_container&#8221; full_screen_row_position=&#8221;middle&#8221; column_margin=&#8221;default&#8221; scene_position=&#8221;center&#8221; text_color=&#8221;dark&#8221; text_align=&#8221;left&#8221; overlay_strength=&#8221;0.3&#8243; shape_divider_position=&#8221;bottom&#8221; bg_image_animation=&#8221;none&#8221;][vc_column column_padding=&#8221;no-extra-padding&#8221; column_padding_position=&#8221;all&#8221; background_color_opacity=&#8221;1&#8243; background_hover_color_opacity=&#8221;1&#8243; column_link_target=&#8221;_self&#8221; column_shadow=&#8221;none&#8221; column_border_radius=&#8221;none&#8221; width=&#8221;1\/1&#8243; tablet_width_inherit=&#8221;default&#8221; tablet_text_alignment=&#8221;default&#8221; phone_text_alignment=&#8221;default&#8221; overlay_strength=&#8221;0.3&#8243; column_border_width=&#8221;none&#8221; column_border_style=&#8221;solid&#8221; bg_image_animation=&#8221;none&#8221;][vc_column_text]Privacidad y Seguridad De acuerdo a...","og_url":"https:\/\/enesacontinental.com\/pt-pt\/termos-e-condicoes","og_site_name":"Empresa Ignifugaci\u00f3n. Pintura industrial. ENESA CONTINENTAL","article_modified_time":"2020-03-24T09:32:08+00:00","twitter_card":"summary_large_image","twitter_misc":{"Tempo estimado de leitura":"1 minuto"},"schema":{"@context":"https:\/\/schema.org","@graph":[{"@type":"WebPage","@id":"https:\/\/enesacontinental.com\/pt-pt\/termos-e-condicoes","url":"https:\/\/enesacontinental.com\/pt-pt\/termos-e-condicoes","name":"Termos e condi\u00e7\u00f5es | Empresa Ignifugaci\u00f3n. Pintura industrial. ENESA CONTINENTAL","isPartOf":{"@id":"https:\/\/enesacontinental.com\/#website"},"datePublished":"2020-03-17T10:50:33+00:00","dateModified":"2020-03-24T09:32:08+00:00","breadcrumb":{"@id":"https:\/\/enesacontinental.com\/pt-pt\/termos-e-condicoes#breadcrumb"},"inLanguage":"pt-PT","potentialAction":[{"@type":"ReadAction","target":["https:\/\/enesacontinental.com\/pt-pt\/termos-e-condicoes"]}]},{"@type":"BreadcrumbList","@id":"https:\/\/enesacontinental.com\/pt-pt\/termos-e-condicoes#breadcrumb","itemListElement":[{"@type":"ListItem","position":1,"name":"Portada","item":"https:\/\/enesacontinental.com\/pt-pt"},{"@type":"ListItem","position":2,"name":"Termos e condi\u00e7\u00f5es"}]},{"@type":"WebSite","@id":"https:\/\/enesacontinental.com\/#website","url":"https:\/\/enesacontinental.com\/","name":"Empresa Ignifugaci\u00f3n. Pintura industrial. ENESA CONTINENTAL","description":"Protecci\u00f3n pasiva contra incendios. Tratamiento anticorrosivo. Chorro de arena. Taller propio para el tratamiento de superficies. Empresa l\u00edder. Lanatherm. Granallado en taller. Waterblasting. Aislamiento t\u00e9rmico.","potentialAction":[{"@type":"SearchAction","target":{"@type":"EntryPoint","urlTemplate":"https:\/\/enesacontinental.com\/?s={search_term_string}"},"query-input":"required name=search_term_string"}],"inLanguage":"pt-PT"}]}},"_links":{"self":[{"href":"https:\/\/enesacontinental.com\/pt-pt\/wp-json\/wp\/v2\/pages\/2313"}],"collection":[{"href":"https:\/\/enesacontinental.com\/pt-pt\/wp-json\/wp\/v2\/pages"}],"about":[{"href":"https:\/\/enesacontinental.com\/pt-pt\/wp-json\/wp\/v2\/types\/page"}],"author":[{"embeddable":true,"href":"https:\/\/enesacontinental.com\/pt-pt\/wp-json\/wp\/v2\/users\/1"}],"replies":[{"embeddable":true,"href":"https:\/\/enesacontinental.com\/pt-pt\/wp-json\/wp\/v2\/comments?post=2313"}],"version-history":[{"count":3,"href":"https:\/\/enesacontinental.com\/pt-pt\/wp-json\/wp\/v2\/pages\/2313\/revisions"}],"predecessor-version":[{"id":2737,"href":"https:\/\/enesacontinental.com\/pt-pt\/wp-json\/wp\/v2\/pages\/2313\/revisions\/2737"}],"wp:attachment":[{"href":"https:\/\/enesacontinental.com\/pt-pt\/wp-json\/wp\/v2\/media?parent=2313"}],"curies":[{"name":"wp","href":"https:\/\/api.w.org\/{rel}","templated":true}]}}